{"id":11734,"date":"2025-09-10T12:35:41","date_gmt":"2025-09-10T18:35:41","guid":{"rendered":"https:\/\/qualityservicemex.com\/?page_id=11734"},"modified":"2025-11-20T15:15:08","modified_gmt":"2025-11-20T21:15:08","slug":"gracias-reclutamiento-para-empresas","status":"publish","type":"page","link":"https:\/\/qualityservicemex.com\/en\/gracias-reclutamiento-para-empresas\/","title":{"rendered":"Gracias &#8211; Reclutamiento para empresas"},"content":{"rendered":"<div data-elementor-type=\"wp-page\" data-elementor-id=\"11734\" class=\"elementor elementor-11734\" data-elementor-post-type=\"page\">\n\t\t\t\t\t\t<section class=\"elementor-section elementor-top-section elementor-element elementor-element-b12de21 elementor-section-height-full elementor-section-stretched elementor-section-boxed elementor-section-height-default elementor-section-items-middle\" data-id=\"b12de21\" data-element_type=\"section\" data-e-type=\"section\" data-settings=\"{&quot;stretch_section&quot;:&quot;section-stretched&quot;,&quot;background_background&quot;:&quot;classic&quot;}\">\n\t\t\t\t\t\t\t<div class=\"elementor-background-overlay\"><\/div>\n\t\t\t\t\t\t\t<div class=\"elementor-container elementor-column-gap-default\">\n\t\t\t\t\t<div class=\"elementor-column elementor-col-100 elementor-top-column elementor-element elementor-element-6268ea1\" data-id=\"6268ea1\" data-element_type=\"column\" data-e-type=\"column\">\n\t\t\t<div class=\"elementor-widget-wrap elementor-element-populated\">\n\t\t\t\t\t\t<div class=\"elementor-element elementor-element-aded66a elementor-widget elementor-widget-heading\" data-id=\"aded66a\" data-element_type=\"widget\" data-e-type=\"widget\" data-widget_type=\"heading.default\">\n\t\t\t\t<div class=\"elementor-widget-container\">\n\t\t\t\t\t<h2 class=\"elementor-heading-title elementor-size-default\">Thank You for Getting in Touch<\/h2>\t\t\t\t<\/div>\n\t\t\t\t<\/div>\n\t\t\t\t<div class=\"elementor-element elementor-element-9d82aa8 elementor-widget-divider--view-line elementor-widget elementor-widget-divider\" data-id=\"9d82aa8\" data-element_type=\"widget\" data-e-type=\"widget\" data-widget_type=\"divider.default\">\n\t\t\t\t<div class=\"elementor-widget-container\">\n\t\t\t\t\t\t\t<div class=\"elementor-divider\">\n\t\t\t<span class=\"elementor-divider-separator\">\n\t\t\t\t\t\t<\/span>\n\t\t<\/div>\n\t\t\t\t\t\t<\/div>\n\t\t\t\t<\/div>\n\t\t\t\t<div class=\"elementor-element elementor-element-3f44aab elementor-widget elementor-widget-text-editor\" data-id=\"3f44aab\" data-element_type=\"widget\" data-e-type=\"widget\" data-widget_type=\"text-editor.default\">\n\t\t\t\t<div class=\"elementor-widget-container\">\n\t\t\t\t\t\t\t\t\t<p data-start=\"469\" data-end=\"661\">We\u2019ve successfully received your information.<\/p><p data-start=\"469\" data-end=\"661\" class=\"translation-block\">One of our specialists will contact you shortly to understand your recruitment needs and offer the best solution for your company.<\/p>\t\t\t\t\t\t\t\t<\/div>\n\t\t\t\t<\/div>\n\t\t\t\t<div class=\"elementor-element elementor-element-a24f690 elementor-align-center elementor-mobile-align-justify elementor-widget elementor-widget-button\" data-id=\"a24f690\" data-element_type=\"widget\" data-e-type=\"widget\" data-widget_type=\"button.default\">\n\t\t\t\t<div class=\"elementor-widget-container\">\n\t\t\t\t\t\t\t\t\t<div class=\"elementor-button-wrapper\">\n\t\t\t\t\t<a class=\"elementor-button elementor-button-link elementor-size-sm\" href=\"https:\/\/qualityservicemex.com\/en\/landing-page-reclutamiento-para-empresas\/\">\n\t\t\t\t\t\t<span class=\"elementor-button-content-wrapper\">\n\t\t\t\t\t\t<span class=\"elementor-button-icon\">\n\t\t\t\t<i aria-hidden=\"true\" class=\"fas fa-arrow-left\"><\/i>\t\t\t<\/span>\n\t\t\t\t\t\t\t\t\t<span class=\"elementor-button-text\">Back<\/span>\n\t\t\t\t\t<\/span>\n\t\t\t\t\t<\/a>\n\t\t\t\t<\/div>\n\t\t\t\t\t\t\t\t<\/div>\n\t\t\t\t<\/div>\n\t\t\t\t\t<\/div>\n\t\t<\/div>\n\t\t\t\t\t<\/div>\n\t\t<\/section>\n\t\t\t\t<\/div>","protected":false},"excerpt":{"rendered":"<p>\u00a1Gracias por contactarnos! Hemos recibido tu informaci\u00f3n correctamente. Uno de nuestros especialistas te contactar\u00e1 en breve para conocer tus necesidades de reclutamiento y ofrecerte la mejor soluci\u00f3n para tu empresa. Volver<\/p>","protected":false},"author":2,"featured_media":10509,"parent":0,"menu_order":0,"comment_status":"closed","ping_status":"closed","template":"elementor_header_footer","meta":{"site-sidebar-layout":"no-sidebar","site-content-layout":"page-builder","ast-site-content-layout":"full-width-container","site-content-style":"default","site-sidebar-style":"default","ast-global-header-display":"disabled","ast-banner-title-visibility":"disabled","ast-main-header-display":"","ast-hfb-above-header-display":"","ast-hfb-below-header-display":"","ast-hfb-mobile-header-display":"","site-post-title":"","ast-breadcrumbs-content":"","ast-featured-img":"disabled","footer-sml-layout":"disabled","ast-disable-related-posts":"","theme-transparent-header-meta":"","adv-header-id-meta":"","stick-header-meta":"","header-above-stick-meta":"","header-main-stick-meta":"","header-below-stick-meta":"","astra-migrate-meta-layouts":"set","ast-page-background-enabled":"default","ast-page-background-meta":{"desktop":{"background-color":"","background-image":"","background-repeat":"repeat","background-position":"center center","background-size":"auto","background-attachment":"scroll","background-type":"","background-media":"","overlay-type":"","overlay-color":"","overlay-opacity":"","overlay-gradient":""},"tablet":{"background-color":"","background-image":"","background-repeat":"repeat","background-position":"center center","background-size":"auto","background-attachment":"scroll","background-type":"","background-media":"","overlay-type":"","overlay-color":"","overlay-opacity":"","overlay-gradient":""},"mobile":{"background-color":"","background-image":"","background-repeat":"repeat","background-position":"center center","background-size":"auto","background-attachment":"scroll","background-type":"","background-media":"","overlay-type":"","overlay-color":"","overlay-opacity":"","overlay-gradient":""}},"ast-content-background-meta":{"desktop":{"background-color":"var(--ast-global-color-5)","background-image":"","background-repeat":"repeat","background-position":"center center","background-size":"auto","background-attachment":"scroll","background-type":"","background-media":"","overlay-type":"","overlay-color":"","overlay-opacity":"","overlay-gradient":""},"tablet":{"background-color":"var(--ast-global-color-5)","background-image":"","background-repeat":"repeat","background-position":"center center","background-size":"auto","background-attachment":"scroll","background-type":"","background-media":"","overlay-type":"","overlay-color":"","overlay-opacity":"","overlay-gradient":""},"mobile":{"background-color":"var(--ast-global-color-5)","background-image":"","background-repeat":"repeat","background-position":"center center","background-size":"auto","background-attachment":"scroll","background-type":"","background-media":"","overlay-type":"","overlay-color":"","overlay-opacity":"","overlay-gradient":""}},"footnotes":""},"class_list":["post-11734","page","type-page","status-publish","has-post-thumbnail","hentry"],"yoast_head":"<!-- This site is optimized with the Yoast SEO plugin v27.5 - https:\/\/yoast.com\/product\/yoast-seo-wordpress\/ -->\n<title>Gracias - Reclutamiento para empresas | Quality Service<\/title>\n<meta name=\"robots\" content=\"noindex, follow\" \/>\n<meta property=\"og:locale\" content=\"en_US\" \/>\n<meta property=\"og:type\" content=\"article\" \/>\n<meta property=\"og:title\" content=\"Gracias - Reclutamiento para empresas | Quality Service\" \/>\n<meta property=\"og:description\" content=\"\u00a1Gracias por contactarnos! Hemos recibido tu informaci\u00f3n correctamente. Uno de nuestros especialistas te contactar\u00e1 en breve para conocer tus necesidades de reclutamiento y ofrecerte la mejor soluci\u00f3n para tu empresa. Volver\" \/>\n<meta property=\"og:url\" content=\"https:\/\/qualityservicemex.com\/en\/gracias-reclutamiento-para-empresas\/\" \/>\n<meta property=\"og:site_name\" content=\"Quality Service\" \/>\n<meta property=\"article:publisher\" content=\"https:\/\/www.facebook.com\/QualityServiceMex\/\" \/>\n<meta property=\"article:modified_time\" content=\"2025-11-20T21:15:08+00:00\" \/>\n<meta property=\"og:image\" content=\"https:\/\/qualityservicemex.com\/wp-content\/uploads\/2025\/02\/manager-looking-at-many-different-cv-resume-and-ch-2025-01-09-19-59-57-utc-scaled.jpeg\" \/>\n\t<meta property=\"og:image:width\" content=\"2560\" \/>\n\t<meta property=\"og:image:height\" content=\"1708\" \/>\n\t<meta property=\"og:image:type\" content=\"image\/jpeg\" \/>\n<meta name=\"twitter:card\" content=\"summary_large_image\" \/>\n<meta name=\"twitter:label1\" content=\"Est. reading time\" \/>\n\t<meta name=\"twitter:data1\" content=\"1 minute\" \/>\n<script type=\"application\/ld+json\" class=\"yoast-schema-graph\">{\"@context\":\"https:\\\/\\\/schema.org\",\"@graph\":[{\"@type\":\"WebPage\",\"@id\":\"https:\\\/\\\/qualityservicemex.com\\\/gracias-reclutamiento-para-empresas\\\/\",\"url\":\"https:\\\/\\\/qualityservicemex.com\\\/gracias-reclutamiento-para-empresas\\\/\",\"name\":\"Gracias - Reclutamiento para empresas | Quality Service\",\"isPartOf\":{\"@id\":\"https:\\\/\\\/qualityservicemex.com\\\/#website\"},\"primaryImageOfPage\":{\"@id\":\"https:\\\/\\\/qualityservicemex.com\\\/gracias-reclutamiento-para-empresas\\\/#primaryimage\"},\"image\":{\"@id\":\"https:\\\/\\\/qualityservicemex.com\\\/gracias-reclutamiento-para-empresas\\\/#primaryimage\"},\"thumbnailUrl\":\"https:\\\/\\\/qualityservicemex.com\\\/wp-content\\\/uploads\\\/2025\\\/02\\\/manager-looking-at-many-different-cv-resume-and-ch-2025-01-09-19-59-57-utc-scaled.jpeg\",\"datePublished\":\"2025-09-10T18:35:41+00:00\",\"dateModified\":\"2025-11-20T21:15:08+00:00\",\"breadcrumb\":{\"@id\":\"https:\\\/\\\/qualityservicemex.com\\\/gracias-reclutamiento-para-empresas\\\/#breadcrumb\"},\"inLanguage\":\"en-US\",\"potentialAction\":[{\"@type\":\"ReadAction\",\"target\":[\"https:\\\/\\\/qualityservicemex.com\\\/gracias-reclutamiento-para-empresas\\\/\"]}]},{\"@type\":\"ImageObject\",\"inLanguage\":\"en-US\",\"@id\":\"https:\\\/\\\/qualityservicemex.com\\\/gracias-reclutamiento-para-empresas\\\/#primaryimage\",\"url\":\"https:\\\/\\\/qualityservicemex.com\\\/wp-content\\\/uploads\\\/2025\\\/02\\\/manager-looking-at-many-different-cv-resume-and-ch-2025-01-09-19-59-57-utc-scaled.jpeg\",\"contentUrl\":\"https:\\\/\\\/qualityservicemex.com\\\/wp-content\\\/uploads\\\/2025\\\/02\\\/manager-looking-at-many-different-cv-resume-and-ch-2025-01-09-19-59-57-utc-scaled.jpeg\",\"width\":2560,\"height\":1708,\"caption\":\"reclutamiento masivo operativo para empresas\"},{\"@type\":\"BreadcrumbList\",\"@id\":\"https:\\\/\\\/qualityservicemex.com\\\/gracias-reclutamiento-para-empresas\\\/#breadcrumb\",\"itemListElement\":[{\"@type\":\"ListItem\",\"position\":1,\"name\":\"Inicio\",\"item\":\"https:\\\/\\\/qualityservicemex.com\\\/\"},{\"@type\":\"ListItem\",\"position\":2,\"name\":\"Gracias &#8211; Reclutamiento para empresas\"}]},{\"@type\":\"WebSite\",\"@id\":\"https:\\\/\\\/qualityservicemex.com\\\/#website\",\"url\":\"https:\\\/\\\/qualityservicemex.com\\\/\",\"name\":\"Quality Service\",\"description\":\"Tus mejores aliados en recursos humanos.\",\"publisher\":{\"@id\":\"https:\\\/\\\/qualityservicemex.com\\\/#organization\"},\"potentialAction\":[{\"@type\":\"SearchAction\",\"target\":{\"@type\":\"EntryPoint\",\"urlTemplate\":\"https:\\\/\\\/qualityservicemex.com\\\/?s={search_term_string}\"},\"query-input\":{\"@type\":\"PropertyValueSpecification\",\"valueRequired\":true,\"valueName\":\"search_term_string\"}}],\"inLanguage\":\"en-US\"},{\"@type\":\"Organization\",\"@id\":\"https:\\\/\\\/qualityservicemex.com\\\/#organization\",\"name\":\"Quality Service M\u00e9xico\",\"url\":\"https:\\\/\\\/qualityservicemex.com\\\/\",\"logo\":{\"@type\":\"ImageObject\",\"inLanguage\":\"en-US\",\"@id\":\"https:\\\/\\\/qualityservicemex.com\\\/#\\\/schema\\\/logo\\\/image\\\/\",\"url\":\"https:\\\/\\\/qualityservicemex.com\\\/wp-content\\\/uploads\\\/2020\\\/08\\\/Logo-Azul-scaled.png\",\"contentUrl\":\"https:\\\/\\\/qualityservicemex.com\\\/wp-content\\\/uploads\\\/2020\\\/08\\\/Logo-Azul-scaled.png\",\"width\":2560,\"height\":1528,\"caption\":\"Quality Service M\u00e9xico\"},\"image\":{\"@id\":\"https:\\\/\\\/qualityservicemex.com\\\/#\\\/schema\\\/logo\\\/image\\\/\"},\"sameAs\":[\"https:\\\/\\\/www.facebook.com\\\/QualityServiceMex\\\/\",\"https:\\\/\\\/www.instagram.com\\\/qualityservicemex\\\/\"]}]}<\/script>\n<!-- \/ Yoast SEO plugin. -->","yoast_head_json":{"title":"Gracias - Reclutamiento para empresas | Quality Service","robots":{"index":"noindex","follow":"follow"},"og_locale":"en_US","og_type":"article","og_title":"Gracias - Reclutamiento para empresas | Quality Service","og_description":"\u00a1Gracias por contactarnos! Hemos recibido tu informaci\u00f3n correctamente. Uno de nuestros especialistas te contactar\u00e1 en breve para conocer tus necesidades de reclutamiento y ofrecerte la mejor soluci\u00f3n para tu empresa. Volver","og_url":"https:\/\/qualityservicemex.com\/en\/gracias-reclutamiento-para-empresas\/","og_site_name":"Quality Service","article_publisher":"https:\/\/www.facebook.com\/QualityServiceMex\/","article_modified_time":"2025-11-20T21:15:08+00:00","og_image":[{"width":2560,"height":1708,"url":"https:\/\/qualityservicemex.com\/wp-content\/uploads\/2025\/02\/manager-looking-at-many-different-cv-resume-and-ch-2025-01-09-19-59-57-utc-scaled.jpeg","type":"image\/jpeg"}],"twitter_card":"summary_large_image","twitter_misc":{"Est. reading time":"1 minute"},"schema":{"@context":"https:\/\/schema.org","@graph":[{"@type":"WebPage","@id":"https:\/\/qualityservicemex.com\/gracias-reclutamiento-para-empresas\/","url":"https:\/\/qualityservicemex.com\/gracias-reclutamiento-para-empresas\/","name":"Gracias - Reclutamiento para empresas | Quality Service","isPartOf":{"@id":"https:\/\/qualityservicemex.com\/#website"},"primaryImageOfPage":{"@id":"https:\/\/qualityservicemex.com\/gracias-reclutamiento-para-empresas\/#primaryimage"},"image":{"@id":"https:\/\/qualityservicemex.com\/gracias-reclutamiento-para-empresas\/#primaryimage"},"thumbnailUrl":"https:\/\/qualityservicemex.com\/wp-content\/uploads\/2025\/02\/manager-looking-at-many-different-cv-resume-and-ch-2025-01-09-19-59-57-utc-scaled.jpeg","datePublished":"2025-09-10T18:35:41+00:00","dateModified":"2025-11-20T21:15:08+00:00","breadcrumb":{"@id":"https:\/\/qualityservicemex.com\/gracias-reclutamiento-para-empresas\/#breadcrumb"},"inLanguage":"en-US","potentialAction":[{"@type":"ReadAction","target":["https:\/\/qualityservicemex.com\/gracias-reclutamiento-para-empresas\/"]}]},{"@type":"ImageObject","inLanguage":"en-US","@id":"https:\/\/qualityservicemex.com\/gracias-reclutamiento-para-empresas\/#primaryimage","url":"https:\/\/qualityservicemex.com\/wp-content\/uploads\/2025\/02\/manager-looking-at-many-different-cv-resume-and-ch-2025-01-09-19-59-57-utc-scaled.jpeg","contentUrl":"https:\/\/qualityservicemex.com\/wp-content\/uploads\/2025\/02\/manager-looking-at-many-different-cv-resume-and-ch-2025-01-09-19-59-57-utc-scaled.jpeg","width":2560,"height":1708,"caption":"reclutamiento masivo operativo para empresas"},{"@type":"BreadcrumbList","@id":"https:\/\/qualityservicemex.com\/gracias-reclutamiento-para-empresas\/#breadcrumb","itemListElement":[{"@type":"ListItem","position":1,"name":"Inicio","item":"https:\/\/qualityservicemex.com\/"},{"@type":"ListItem","position":2,"name":"Gracias &#8211; Reclutamiento para empresas"}]},{"@type":"WebSite","@id":"https:\/\/qualityservicemex.com\/#website","url":"https:\/\/qualityservicemex.com\/","name":"Quality Service","description":"Tus mejores aliados en recursos humanos.","publisher":{"@id":"https:\/\/qualityservicemex.com\/#organization"},"potentialAction":[{"@type":"SearchAction","target":{"@type":"EntryPoint","urlTemplate":"https:\/\/qualityservicemex.com\/?s={search_term_string}"},"query-input":{"@type":"PropertyValueSpecification","valueRequired":true,"valueName":"search_term_string"}}],"inLanguage":"en-US"},{"@type":"Organization","@id":"https:\/\/qualityservicemex.com\/#organization","name":"Quality Service M\u00e9xico","url":"https:\/\/qualityservicemex.com\/","logo":{"@type":"ImageObject","inLanguage":"en-US","@id":"https:\/\/qualityservicemex.com\/#\/schema\/logo\/image\/","url":"https:\/\/qualityservicemex.com\/wp-content\/uploads\/2020\/08\/Logo-Azul-scaled.png","contentUrl":"https:\/\/qualityservicemex.com\/wp-content\/uploads\/2020\/08\/Logo-Azul-scaled.png","width":2560,"height":1528,"caption":"Quality Service M\u00e9xico"},"image":{"@id":"https:\/\/qualityservicemex.com\/#\/schema\/logo\/image\/"},"sameAs":["https:\/\/www.facebook.com\/QualityServiceMex\/","https:\/\/www.instagram.com\/qualityservicemex\/"]}]}},"_links":{"self":[{"href":"https:\/\/qualityservicemex.com\/en\/wp-json\/wp\/v2\/pages\/11734","targetHints":{"allow":["GET"]}}],"collection":[{"href":"https:\/\/qualityservicemex.com\/en\/wp-json\/wp\/v2\/pages"}],"about":[{"href":"https:\/\/qualityservicemex.com\/en\/wp-json\/wp\/v2\/types\/page"}],"author":[{"embeddable":true,"href":"https:\/\/qualityservicemex.com\/en\/wp-json\/wp\/v2\/users\/2"}],"replies":[{"embeddable":true,"href":"https:\/\/qualityservicemex.com\/en\/wp-json\/wp\/v2\/comments?post=11734"}],"version-history":[{"count":7,"href":"https:\/\/qualityservicemex.com\/en\/wp-json\/wp\/v2\/pages\/11734\/revisions"}],"predecessor-version":[{"id":11743,"href":"https:\/\/qualityservicemex.com\/en\/wp-json\/wp\/v2\/pages\/11734\/revisions\/11743"}],"wp:featuredmedia":[{"embeddable":true,"href":"https:\/\/qualityservicemex.com\/en\/wp-json\/wp\/v2\/media\/10509"}],"wp:attachment":[{"href":"https:\/\/qualityservicemex.com\/en\/wp-json\/wp\/v2\/media?parent=11734"}],"curies":[{"name":"wp","href":"https:\/\/api.w.org\/{rel}","templated":true}]}}