{"id":101,"date":"2019-09-24T16:30:02","date_gmt":"2019-09-24T16:30:02","guid":{"rendered":"https:\/\/qualityservicemex.com\/?page_id=101"},"modified":"2024-02-23T13:11:26","modified_gmt":"2024-02-23T19:11:26","slug":"aviso-de-privacidad","status":"publish","type":"page","link":"https:\/\/qualityservicemex.com\/en\/aviso-de-privacidad\/","title":{"rendered":"Privacy advice"},"content":{"rendered":"<div data-elementor-type=\"wp-page\" data-elementor-id=\"101\" class=\"elementor elementor-101\" data-elementor-post-type=\"page\">\n\t\t\t\t\t\t<section class=\"elementor-section elementor-top-section elementor-element elementor-element-1cd80b5 elementor-section-stretched elementor-section-boxed elementor-section-height-default elementor-section-height-default\" data-id=\"1cd80b5\" data-element_type=\"section\" data-e-type=\"section\" data-settings=\"{&quot;stretch_section&quot;:&quot;section-stretched&quot;}\">\n\t\t\t\t\t\t<div class=\"elementor-container elementor-column-gap-default\">\n\t\t\t\t\t<div class=\"elementor-column elementor-col-100 elementor-top-column elementor-element elementor-element-200bbca\" data-id=\"200bbca\" data-element_type=\"column\" data-e-type=\"column\">\n\t\t\t<div class=\"elementor-widget-wrap elementor-element-populated\">\n\t\t\t\t\t\t<div class=\"elementor-element elementor-element-c6a265f elementor-widget elementor-widget-heading\" data-id=\"c6a265f\" data-element_type=\"widget\" data-e-type=\"widget\" data-widget_type=\"heading.default\">\n\t\t\t\t<div class=\"elementor-widget-container\">\n\t\t\t\t\t<h2 class=\"elementor-heading-title elementor-size-default\">Aviso de Privacidad<\/h2>\t\t\t\t<\/div>\n\t\t\t\t<\/div>\n\t\t\t\t<div class=\"elementor-element elementor-element-a210ee8 elementor-widget elementor-widget-text-editor\" data-id=\"a210ee8\" data-element_type=\"widget\" data-e-type=\"widget\" data-widget_type=\"text-editor.default\">\n\t\t\t\t<div class=\"elementor-widget-container\">\n\t\t\t\t\t\t\t\t\t<p>El presente Aviso de Privacidad que celebran por una parte <strong>QUALITY SEVICE <\/strong>(en lo sucesivo \u201c<strong>QS<\/strong>\u201d), con domicilio ubicado en Avenida Gobernadores n\u00famero 973, Colonia la Providencia, Metepec, Estado de M\u00e9xico, C.P. 52172, y el titular de la informaci\u00f3n, el cual establece la manera en que ser\u00e1 tratada su informaci\u00f3n por parte de \u201c<strong>QS<\/strong>\u201d, as\u00ed como el objetivo, campo de aplicaci\u00f3n y medidas de seguridad adoptados para el efecto de garantizar la privacidad y el derecho a la autodeterminaci\u00f3n informativa, en t\u00e9rminos de la Ley Federal de Protecci\u00f3n de Datos Personales en Posesi\u00f3n de los Particulares.<\/p><p>Los <strong>datos personales<\/strong>, informaci\u00f3n sensible y\/o de cualquier otra \u00edndole proporcionado por el titular, que se encuentre en posesi\u00f3n de \u201c<strong>QS<\/strong>\u201d, ser\u00e1 utilizado por \u00e9sta \u00faltima con el objeto de difundir su identidad, preparaci\u00f3n profesional o t\u00e9cnica,\u00a0 as\u00ed como su capacidad, aptitud y\/o experiencia con las empresas que en su momento se consideren necesarias, as\u00ed como a cualquier persona f\u00edsica, a trav\u00e9s de cualquier medio de comunicaci\u00f3n, \u00fanicamente para cumplir con el objetivo de \u201c<strong>QS<\/strong>\u201d, consistente en hacer del conocimiento a nuestros clientes de las personas que cumplen con las condiciones necesarias que los convierten en candidatos para que presten sus servicios laborales.<\/p><p>\u201c<strong>QS<\/strong>\u201d hace del conocimiento al titular de la informaci\u00f3n, que podr\u00e1 limitar el uso o divulgaci\u00f3n de los datos proporcionados a la empresa, mediante escrito que se presente en las instalaciones de esta, o bien en el correo electr\u00f3nico <a href=\"mailto:integridad@qsmex.com\"><strong>integridad@qsmex.com<\/strong><\/a>, haciendo notar las causas o motivos, y en su caso, los datos en espec\u00edfico que el titular desee que no se publiquen.<\/p><p>\u201c<strong>QS<\/strong>\u201d comunica al titular de la informaci\u00f3n, que para ejercer su derecho de acceso, rectificaci\u00f3n, cancelaci\u00f3n u oposici\u00f3n, deber\u00e1 solicitarlo por escrito y presentado en el domicilio de la empresa responsable del resguardo de la informaci\u00f3n, o bien en el correo electr\u00f3nico <a href=\"mailto:integridad@qsmex.com\"><strong>integridad@qsmex.com<\/strong><\/a>, indicando por lo menos su nombre, domicilio completo o cualquier otro dato o documento que permita su identificaci\u00f3n, as\u00ed como el objetivo de su solicitud o tr\u00e1mite, de conformidad con la Ley y su reglamento.<\/p><p>En los casos de que el titular de la informaci\u00f3n solicite el acceso o rectificaci\u00f3n de la misma, la empresa lo autorizar\u00e1 para que con auxilio t\u00e9cnico del responsable del resguardo de la informaci\u00f3n correspondiente, acceda y\/o rectifique los datos proporcionados.<\/p><p>En caso de que el titular se oponga o solicite la cancelaci\u00f3n del manejo de la informaci\u00f3n proporcionada a \u201c<strong>QS<\/strong>\u201d, bastar\u00e1 con su sola petici\u00f3n para que la empresa acate tal manifestaci\u00f3n de voluntad, a partir de la fecha de la presentaci\u00f3n de la solicitud correspondiente.<\/p><p>Usted podr\u00e1 consultar el <strong>Aviso de Privacidad<\/strong> completo en la siguiente direcci\u00f3n de internet <a href=\"https:\/\/qualityservicemex.com\/en\/aviso-de-privacidad\/\">https:\/\/qualityservicemex.com\/aviso-de-privacidad\/<\/a>; asimismo, cualquier modificaci\u00f3n a dicho aviso de privacidad le ser\u00e1 notificada por \u201c<strong>QS<\/strong>\u201d a trav\u00e9s de alguno de los siguientes medios: un comunicado por escrito enviado a su domicilio, un mensaje enviado a su correo electr\u00f3nico o a su tel\u00e9fono m\u00f3vil, un mensaje dado a conocer a trav\u00e9s de <a href=\"https:\/\/qualityservicemex.com\/en\/\"><strong>www.qualityservicemex.com<\/strong><\/a> \u00a0o de cualquier medio electr\u00f3nico que utilice para contactarse con \u201c<strong>QS<\/strong>\u201d, o bien, a trav\u00e9s de mensajes publicados en las oficinas de \u201c<strong>QS<\/strong>\u201d.<\/p><p>Este Aviso de Privacidad \u00fanicamente ser\u00e1 aplicable a los terceros que nos proporcionen informaci\u00f3n.<\/p><p>Asimismo, <strong>\u201cQS\u201d<\/strong> y el titular de la informaci\u00f3n determinan que para cualquier acontecimiento legal se\u00f1alan como autoridades competentes las que correspondan por raz\u00f3n de territorio al domicilio de <strong>\u201cQS\u201d.<\/strong><\/p>\t\t\t\t\t\t\t\t<\/div>\n\t\t\t\t<\/div>\n\t\t\t\t\t<\/div>\n\t\t<\/div>\n\t\t\t\t\t<\/div>\n\t\t<\/section>\n\t\t\t\t<\/div>","protected":false},"excerpt":{"rendered":"<p>Aviso de Privacidad El presente Aviso de Privacidad que celebran por una parte QUALITY SEVICE (en lo sucesivo \u201cQS\u201d), con domicilio ubicado en Avenida Gobernadores n\u00famero 973, Colonia la Providencia, Metepec, Estado de M\u00e9xico, C.P. 52172, y el titular de la informaci\u00f3n, el cual establece la manera en que ser\u00e1 tratada su informaci\u00f3n por parte [&hellip;]<\/p>\n","protected":false},"author":2,"featured_media":78,"parent":0,"menu_order":29,"comment_status":"closed","ping_status":"closed","template":"elementor_header_footer","meta":{"site-sidebar-layout":"no-sidebar","site-content-layout":"plain-container","ast-site-content-layout":"default","site-content-style":"default","site-sidebar-style":"default","ast-global-header-display":"","ast-banner-title-visibility":"","ast-main-header-display":"disabled","ast-hfb-above-header-display":"","ast-hfb-below-header-display":"","ast-hfb-mobile-header-display":"","site-post-title":"disabled","ast-breadcrumbs-content":"","ast-featured-img":"disabled","footer-sml-layout":"","ast-disable-related-posts":"","theme-transparent-header-meta":"default","adv-header-id-meta":"","stick-header-meta":"","header-above-stick-meta":"","header-main-stick-meta":"","header-below-stick-meta":"","astra-migrate-meta-layouts":"default","ast-page-background-enabled":"default","ast-page-background-meta":{"desktop":{"background-color":"","background-image":"","background-repeat":"repeat","background-position":"center center","background-size":"auto","background-attachment":"scroll","background-type":"","background-media":"","overlay-type":"","overlay-color":"","overlay-opacity":"","overlay-gradient":""},"tablet":{"background-color":"","background-image":"","background-repeat":"repeat","background-position":"center center","background-size":"auto","background-attachment":"scroll","background-type":"","background-media":"","overlay-type":"","overlay-color":"","overlay-opacity":"","overlay-gradient":""},"mobile":{"background-color":"","background-image":"","background-repeat":"repeat","background-position":"center center","background-size":"auto","background-attachment":"scroll","background-type":"","background-media":"","overlay-type":"","overlay-color":"","overlay-opacity":"","overlay-gradient":""}},"ast-content-background-meta":{"desktop":{"background-color":"var(--ast-global-color-5)","background-image":"","background-repeat":"repeat","background-position":"center center","background-size":"auto","background-attachment":"scroll","background-type":"","background-media":"","overlay-type":"","overlay-color":"","overlay-opacity":"","overlay-gradient":""},"tablet":{"background-color":"var(--ast-global-color-5)","background-image":"","background-repeat":"repeat","background-position":"center center","background-size":"auto","background-attachment":"scroll","background-type":"","background-media":"","overlay-type":"","overlay-color":"","overlay-opacity":"","overlay-gradient":""},"mobile":{"background-color":"var(--ast-global-color-5)","background-image":"","background-repeat":"repeat","background-position":"center center","background-size":"auto","background-attachment":"scroll","background-type":"","background-media":"","overlay-type":"","overlay-color":"","overlay-opacity":"","overlay-gradient":""}},"footnotes":""},"class_list":["post-101","page","type-page","status-publish","has-post-thumbnail","hentry"],"yoast_head":"<!-- This site is optimized with the Yoast SEO plugin v27.4 - https:\/\/yoast.com\/product\/yoast-seo-wordpress\/ -->\n<title>Aviso de privacidad | Quality Service<\/title>\n<meta name=\"robots\" content=\"index, follow, max-snippet:-1, max-image-preview:large, max-video-preview:-1\" \/>\n<link rel=\"canonical\" href=\"https:\/\/qualityservicemex.com\/en\/aviso-de-privacidad\/\" \/>\n<meta property=\"og:locale\" content=\"en_US\" \/>\n<meta property=\"og:type\" content=\"article\" \/>\n<meta property=\"og:title\" content=\"Aviso de privacidad | Quality Service\" \/>\n<meta property=\"og:description\" content=\"Aviso de Privacidad El presente Aviso de Privacidad que celebran por una parte QUALITY SEVICE (en lo sucesivo \u201cQS\u201d), con domicilio ubicado en Avenida Gobernadores n\u00famero 973, Colonia la Providencia, Metepec, Estado de M\u00e9xico, C.P. 52172, y el titular de la informaci\u00f3n, el cual establece la manera en que ser\u00e1 tratada su informaci\u00f3n por parte [&hellip;]\" \/>\n<meta property=\"og:url\" content=\"https:\/\/qualityservicemex.com\/en\/aviso-de-privacidad\/\" \/>\n<meta property=\"og:site_name\" content=\"Quality Service\" \/>\n<meta property=\"article:publisher\" content=\"https:\/\/www.facebook.com\/QualityServiceMex\/\" \/>\n<meta property=\"article:modified_time\" content=\"2024-02-23T19:11:26+00:00\" \/>\n<meta property=\"og:image\" content=\"https:\/\/qualityservicemex.com\/wp-content\/uploads\/2019\/09\/KU273L0WTW.jpg\" \/>\n\t<meta property=\"og:image:width\" content=\"1200\" \/>\n\t<meta property=\"og:image:height\" content=\"801\" \/>\n\t<meta property=\"og:image:type\" content=\"image\/jpeg\" \/>\n<meta name=\"twitter:card\" content=\"summary_large_image\" \/>\n<meta name=\"twitter:label1\" content=\"Est. reading time\" \/>\n\t<meta name=\"twitter:data1\" content=\"3 minutes\" \/>\n<script type=\"application\/ld+json\" class=\"yoast-schema-graph\">{\"@context\":\"https:\\\/\\\/schema.org\",\"@graph\":[{\"@type\":\"WebPage\",\"@id\":\"https:\\\/\\\/qualityservicemex.com\\\/aviso-de-privacidad\\\/\",\"url\":\"https:\\\/\\\/qualityservicemex.com\\\/aviso-de-privacidad\\\/\",\"name\":\"Aviso de privacidad | Quality Service\",\"isPartOf\":{\"@id\":\"https:\\\/\\\/qualityservicemex.com\\\/#website\"},\"primaryImageOfPage\":{\"@id\":\"https:\\\/\\\/qualityservicemex.com\\\/aviso-de-privacidad\\\/#primaryimage\"},\"image\":{\"@id\":\"https:\\\/\\\/qualityservicemex.com\\\/aviso-de-privacidad\\\/#primaryimage\"},\"thumbnailUrl\":\"https:\\\/\\\/qualityservicemex.com\\\/wp-content\\\/uploads\\\/2019\\\/09\\\/KU273L0WTW.jpg\",\"datePublished\":\"2019-09-24T16:30:02+00:00\",\"dateModified\":\"2024-02-23T19:11:26+00:00\",\"breadcrumb\":{\"@id\":\"https:\\\/\\\/qualityservicemex.com\\\/aviso-de-privacidad\\\/#breadcrumb\"},\"inLanguage\":\"en-US\",\"potentialAction\":[{\"@type\":\"ReadAction\",\"target\":[\"https:\\\/\\\/qualityservicemex.com\\\/aviso-de-privacidad\\\/\"]}]},{\"@type\":\"ImageObject\",\"inLanguage\":\"en-US\",\"@id\":\"https:\\\/\\\/qualityservicemex.com\\\/aviso-de-privacidad\\\/#primaryimage\",\"url\":\"https:\\\/\\\/qualityservicemex.com\\\/wp-content\\\/uploads\\\/2019\\\/09\\\/KU273L0WTW.jpg\",\"contentUrl\":\"https:\\\/\\\/qualityservicemex.com\\\/wp-content\\\/uploads\\\/2019\\\/09\\\/KU273L0WTW.jpg\",\"width\":1200,\"height\":801},{\"@type\":\"BreadcrumbList\",\"@id\":\"https:\\\/\\\/qualityservicemex.com\\\/aviso-de-privacidad\\\/#breadcrumb\",\"itemListElement\":[{\"@type\":\"ListItem\",\"position\":1,\"name\":\"Inicio\",\"item\":\"https:\\\/\\\/qualityservicemex.com\\\/\"},{\"@type\":\"ListItem\",\"position\":2,\"name\":\"Aviso de privacidad\"}]},{\"@type\":\"WebSite\",\"@id\":\"https:\\\/\\\/qualityservicemex.com\\\/#website\",\"url\":\"https:\\\/\\\/qualityservicemex.com\\\/\",\"name\":\"Quality Service\",\"description\":\"Tus mejores aliados en recursos humanos.\",\"publisher\":{\"@id\":\"https:\\\/\\\/qualityservicemex.com\\\/#organization\"},\"potentialAction\":[{\"@type\":\"SearchAction\",\"target\":{\"@type\":\"EntryPoint\",\"urlTemplate\":\"https:\\\/\\\/qualityservicemex.com\\\/?s={search_term_string}\"},\"query-input\":{\"@type\":\"PropertyValueSpecification\",\"valueRequired\":true,\"valueName\":\"search_term_string\"}}],\"inLanguage\":\"en-US\"},{\"@type\":\"Organization\",\"@id\":\"https:\\\/\\\/qualityservicemex.com\\\/#organization\",\"name\":\"Quality Service M\u00e9xico\",\"url\":\"https:\\\/\\\/qualityservicemex.com\\\/\",\"logo\":{\"@type\":\"ImageObject\",\"inLanguage\":\"en-US\",\"@id\":\"https:\\\/\\\/qualityservicemex.com\\\/#\\\/schema\\\/logo\\\/image\\\/\",\"url\":\"https:\\\/\\\/qualityservicemex.com\\\/wp-content\\\/uploads\\\/2020\\\/08\\\/Logo-Azul-scaled.png\",\"contentUrl\":\"https:\\\/\\\/qualityservicemex.com\\\/wp-content\\\/uploads\\\/2020\\\/08\\\/Logo-Azul-scaled.png\",\"width\":2560,\"height\":1528,\"caption\":\"Quality Service M\u00e9xico\"},\"image\":{\"@id\":\"https:\\\/\\\/qualityservicemex.com\\\/#\\\/schema\\\/logo\\\/image\\\/\"},\"sameAs\":[\"https:\\\/\\\/www.facebook.com\\\/QualityServiceMex\\\/\",\"https:\\\/\\\/www.instagram.com\\\/qualityservicemex\\\/\"]}]}<\/script>\n<!-- \/ Yoast SEO plugin. -->","yoast_head_json":{"title":"Aviso de privacidad | Quality Service","robots":{"index":"index","follow":"follow","max-snippet":"max-snippet:-1","max-image-preview":"max-image-preview:large","max-video-preview":"max-video-preview:-1"},"canonical":"https:\/\/qualityservicemex.com\/en\/aviso-de-privacidad\/","og_locale":"en_US","og_type":"article","og_title":"Aviso de privacidad | Quality Service","og_description":"Aviso de Privacidad El presente Aviso de Privacidad que celebran por una parte QUALITY SEVICE (en lo sucesivo \u201cQS\u201d), con domicilio ubicado en Avenida Gobernadores n\u00famero 973, Colonia la Providencia, Metepec, Estado de M\u00e9xico, C.P. 52172, y el titular de la informaci\u00f3n, el cual establece la manera en que ser\u00e1 tratada su informaci\u00f3n por parte [&hellip;]","og_url":"https:\/\/qualityservicemex.com\/en\/aviso-de-privacidad\/","og_site_name":"Quality Service","article_publisher":"https:\/\/www.facebook.com\/QualityServiceMex\/","article_modified_time":"2024-02-23T19:11:26+00:00","og_image":[{"width":1200,"height":801,"url":"https:\/\/qualityservicemex.com\/wp-content\/uploads\/2019\/09\/KU273L0WTW.jpg","type":"image\/jpeg"}],"twitter_card":"summary_large_image","twitter_misc":{"Est. reading time":"3 minutes"},"schema":{"@context":"https:\/\/schema.org","@graph":[{"@type":"WebPage","@id":"https:\/\/qualityservicemex.com\/aviso-de-privacidad\/","url":"https:\/\/qualityservicemex.com\/aviso-de-privacidad\/","name":"Aviso de privacidad | Quality Service","isPartOf":{"@id":"https:\/\/qualityservicemex.com\/#website"},"primaryImageOfPage":{"@id":"https:\/\/qualityservicemex.com\/aviso-de-privacidad\/#primaryimage"},"image":{"@id":"https:\/\/qualityservicemex.com\/aviso-de-privacidad\/#primaryimage"},"thumbnailUrl":"https:\/\/qualityservicemex.com\/wp-content\/uploads\/2019\/09\/KU273L0WTW.jpg","datePublished":"2019-09-24T16:30:02+00:00","dateModified":"2024-02-23T19:11:26+00:00","breadcrumb":{"@id":"https:\/\/qualityservicemex.com\/aviso-de-privacidad\/#breadcrumb"},"inLanguage":"en-US","potentialAction":[{"@type":"ReadAction","target":["https:\/\/qualityservicemex.com\/aviso-de-privacidad\/"]}]},{"@type":"ImageObject","inLanguage":"en-US","@id":"https:\/\/qualityservicemex.com\/aviso-de-privacidad\/#primaryimage","url":"https:\/\/qualityservicemex.com\/wp-content\/uploads\/2019\/09\/KU273L0WTW.jpg","contentUrl":"https:\/\/qualityservicemex.com\/wp-content\/uploads\/2019\/09\/KU273L0WTW.jpg","width":1200,"height":801},{"@type":"BreadcrumbList","@id":"https:\/\/qualityservicemex.com\/aviso-de-privacidad\/#breadcrumb","itemListElement":[{"@type":"ListItem","position":1,"name":"Inicio","item":"https:\/\/qualityservicemex.com\/"},{"@type":"ListItem","position":2,"name":"Aviso de privacidad"}]},{"@type":"WebSite","@id":"https:\/\/qualityservicemex.com\/#website","url":"https:\/\/qualityservicemex.com\/","name":"Quality Service","description":"Tus mejores aliados en recursos humanos.","publisher":{"@id":"https:\/\/qualityservicemex.com\/#organization"},"potentialAction":[{"@type":"SearchAction","target":{"@type":"EntryPoint","urlTemplate":"https:\/\/qualityservicemex.com\/?s={search_term_string}"},"query-input":{"@type":"PropertyValueSpecification","valueRequired":true,"valueName":"search_term_string"}}],"inLanguage":"en-US"},{"@type":"Organization","@id":"https:\/\/qualityservicemex.com\/#organization","name":"Quality Service M\u00e9xico","url":"https:\/\/qualityservicemex.com\/","logo":{"@type":"ImageObject","inLanguage":"en-US","@id":"https:\/\/qualityservicemex.com\/#\/schema\/logo\/image\/","url":"https:\/\/qualityservicemex.com\/wp-content\/uploads\/2020\/08\/Logo-Azul-scaled.png","contentUrl":"https:\/\/qualityservicemex.com\/wp-content\/uploads\/2020\/08\/Logo-Azul-scaled.png","width":2560,"height":1528,"caption":"Quality Service M\u00e9xico"},"image":{"@id":"https:\/\/qualityservicemex.com\/#\/schema\/logo\/image\/"},"sameAs":["https:\/\/www.facebook.com\/QualityServiceMex\/","https:\/\/www.instagram.com\/qualityservicemex\/"]}]}},"_links":{"self":[{"href":"https:\/\/qualityservicemex.com\/en\/wp-json\/wp\/v2\/pages\/101","targetHints":{"allow":["GET"]}}],"collection":[{"href":"https:\/\/qualityservicemex.com\/en\/wp-json\/wp\/v2\/pages"}],"about":[{"href":"https:\/\/qualityservicemex.com\/en\/wp-json\/wp\/v2\/types\/page"}],"author":[{"embeddable":true,"href":"https:\/\/qualityservicemex.com\/en\/wp-json\/wp\/v2\/users\/2"}],"replies":[{"embeddable":true,"href":"https:\/\/qualityservicemex.com\/en\/wp-json\/wp\/v2\/comments?post=101"}],"version-history":[{"count":23,"href":"https:\/\/qualityservicemex.com\/en\/wp-json\/wp\/v2\/pages\/101\/revisions"}],"predecessor-version":[{"id":5165,"href":"https:\/\/qualityservicemex.com\/en\/wp-json\/wp\/v2\/pages\/101\/revisions\/5165"}],"wp:featuredmedia":[{"embeddable":true,"href":"https:\/\/qualityservicemex.com\/en\/wp-json\/wp\/v2\/media\/78"}],"wp:attachment":[{"href":"https:\/\/qualityservicemex.com\/en\/wp-json\/wp\/v2\/media?parent=101"}],"curies":[{"name":"wp","href":"https:\/\/api.w.org\/{rel}","templated":true}]}}